{"id":200,"date":"2020-10-12T14:07:53","date_gmt":"2020-10-12T14:07:53","guid":{"rendered":"http:\/\/mercsworld.bigmammut.net\/?page_id=200"},"modified":"2020-10-12T14:07:53","modified_gmt":"2020-10-12T14:07:53","slug":"ueber-uns","status":"publish","type":"page","link":"https:\/\/mercsworld.bigmammut.net\/?page_id=200","title":{"rendered":"\u00dcber uns"},"content":{"rendered":"<div class=\"ce_text block\">\n<p align=\"left\"><span class=\"big_kolor_2\"><strong>Mercsw<\/strong><\/span><span class=\"big_kolor_1\"><strong>orld\u00a0<\/strong>ist spezialisiert auf den individuellen optischen und technischen Umbau von\u00a0<\/span><span class=\"big_kolor_1\"><strong>Mercedes-Benz<\/strong> Fahrzeugen<\/span><span class=\"big_kolor_1\">.<\/p>\n<p>Unsere Schwerpunkte\u00a0sind folgende Gebiete:<\/span><\/p>\n<ul>\n<li><span class=\"big_kolor_1\">Einbau, Umbau sowie Reparatur von\u00a0Fahrzeugtelematik<\/span><\/li>\n<li><span class=\"big_kolor_1\">alle Dienstleistungen rund um die Mercedes-Benz Telematik<\/span><\/li>\n<li><span class=\"big_kolor_1\">Nachr\u00fcstung von Comand- und Navigationssystemen<\/span><\/li>\n<li><span class=\"big_kolor_1\">Multimedia-Umbau<\/span><\/li>\n<li><span class=\"big_kolor_1\">Umbau aller Karosserieteile<\/span><\/li>\n<li><span class=\"big_kolor_1\">Innenraum-Umbau<\/span><\/li>\n<li><span class=\"big_kolor_1\">Modellpflege-\/Facelift-Umbau\u00a0<\/span><\/li>\n<li><span class=\"big_kolor_1\">Performance-Umbau<\/span><\/li>\n<li><span class=\"big_kolor_1\">AMG-Umbau<\/span><\/li>\n<li><span class=\"big_kolor_1\">Produkte und Zubeh\u00f6r<\/span>Individuelle W\u00fcnsche werden ebenfalls entgegengenommen.<br \/>\nGerne beraten wir Sie pers\u00f6nlich, telefonisch oder per <a href=\"mailto:info@mercsworld.com\">E-Mail<\/a>.<\/p>\n<p>Wir freuen uns auf Ihre Anfrage und\u00a0w\u00fcnschen wir Ihnen nun viel Spa\u00df auf unserer neuen Website.<\/p>\n<p><span class=\"big_kolor_1\">Ihr Mercsw<\/span><span class=\"big_kolor_1\">orld-Team<\/span><\/li>\n<\/ul>\n<\/div>\n<div class=\"ce_text block\">\n<p>Das Unternehmen <strong>Mercsworld GmbH &amp; Co. KG<\/strong> ist aus der bekannten Firma <strong><a href=\"http:\/\/www.navisworld.com\/\" target=\"_blank\" rel=\"noopener noreferrer\">Navisworld<\/a>\u00a0<\/strong>entstanden.<br \/>\nDie urspr\u00fcngliche Idee bestand darin, einen Online-Shop mit\u00a0GPS-Navigationssystemen zu betreiben.<br \/>\nNach relativ kurzer Zeit stieg die\u00a0Nachfrage nach nachtr\u00e4glichen Einbauten von Mercedes-Benz Comand-Systemen aber so stark an, dass dadurch ein neuer Gesch\u00e4ftsbereich entstand, denn diese Dienstleistung\u00a0war &#8211; aus gegebenem Grund &#8211; online nicht durchzuf\u00fchrbar.<\/p>\n<p>Im Laufe der Zeit haben wir immer mehr Bereiche rund um Mercedes-Benz in\u00a0unser Aufgabengebiet aufgenommen, so dass wir inzwischen fast alle Produkte\u00a0und Dienstleistungen anbieten k\u00f6nnen.<\/p>\n<p>Heute ist die M<strong>ercsworld GmbH &amp; Co. KG<\/strong> einer der gr\u00f6\u00dften Betriebe in der\u00a0Branche und bereits weit \u00fcber die Grenzen Deutschlands hinaus ein Begriff. Zu\u00a0unseren Kunden z\u00e4hlen mittlerweile sehr viele ausl\u00e4ndische Firmen, die auf\u00a0die Zuverl\u00e4ssigkeit und Qualit\u00e4t der Firma nicht mehr verzichten wollen.<br \/>\nIm Inland arbeitet die <strong>Mercsworld GmbH &amp; Co. KG<\/strong> mit vielen namhaften Unternehmen\u00a0aus der Automobilindustrie zusammen.<\/p>\n<\/div>\n","protected":false},"excerpt":{"rendered":"<p>Mercsworld\u00a0ist spezialisiert auf den individuellen optischen und technischen Umbau von\u00a0Mercedes-Benz Fahrzeugen. Unsere Schwerpunkte\u00a0sind folgende Gebiete: Einbau, Umbau sowie Reparatur von\u00a0Fahrzeugtelematik alle Dienstleistungen rund um die Mercedes-Benz Telematik Nachr\u00fcstung von Comand- und Navigationssystemen Multimedia-Umbau Umbau aller Karosserieteile Innenraum-Umbau Modellpflege-\/Facelift-Umbau\u00a0 Performance-Umbau AMG-Umbau Produkte und Zubeh\u00f6rIndividuelle W\u00fcnsche werden ebenfalls entgegengenommen. Gerne beraten wir Sie pers\u00f6nlich, telefonisch oder per [&hellip;]<\/p>\n","protected":false},"author":1,"featured_media":0,"parent":0,"menu_order":0,"comment_status":"closed","ping_status":"closed","template":"","meta":{"_et_pb_use_builder":"","_et_pb_old_content":"","_et_gb_content_width":"","inline_featured_image":false,"footnotes":""},"class_list":["post-200","page","type-page","status-publish","hentry"],"_links":{"self":[{"href":"https:\/\/mercsworld.bigmammut.net\/index.php?rest_route=\/wp\/v2\/pages\/200","targetHints":{"allow":["GET"]}}],"collection":[{"href":"https:\/\/mercsworld.bigmammut.net\/index.php?rest_route=\/wp\/v2\/pages"}],"about":[{"href":"https:\/\/mercsworld.bigmammut.net\/index.php?rest_route=\/wp\/v2\/types\/page"}],"author":[{"embeddable":true,"href":"https:\/\/mercsworld.bigmammut.net\/index.php?rest_route=\/wp\/v2\/users\/1"}],"replies":[{"embeddable":true,"href":"https:\/\/mercsworld.bigmammut.net\/index.php?rest_route=%2Fwp%2Fv2%2Fcomments&post=200"}],"version-history":[{"count":1,"href":"https:\/\/mercsworld.bigmammut.net\/index.php?rest_route=\/wp\/v2\/pages\/200\/revisions"}],"predecessor-version":[{"id":201,"href":"https:\/\/mercsworld.bigmammut.net\/index.php?rest_route=\/wp\/v2\/pages\/200\/revisions\/201"}],"wp:attachment":[{"href":"https:\/\/mercsworld.bigmammut.net\/index.php?rest_route=%2Fwp%2Fv2%2Fmedia&parent=200"}],"curies":[{"name":"wp","href":"https:\/\/api.w.org\/{rel}","templated":true}]}}