{"id":205,"date":"2020-10-12T14:11:07","date_gmt":"2020-10-12T14:11:07","guid":{"rendered":"http:\/\/mercsworld.bigmammut.net\/?page_id=205"},"modified":"2020-10-12T14:11:07","modified_gmt":"2020-10-12T14:11:07","slug":"individualisierung","status":"publish","type":"page","link":"https:\/\/mercsworld.bigmammut.net\/?page_id=205","title":{"rendered":"Individualisierung"},"content":{"rendered":"<p>F\u00fcr Individualisierungen und \u00c4nderungen &#8211; sowohl an der Karosserie, wie auch im Innenraum &#8211; bieten wir Ihnen eine Vielzahl von optischen und technischen Optionen an.<\/p>\n<p>Unser Ziel ist es, Ihre individuellen W\u00fcnsche und Vorstellungen, soweit es f\u00fcr uns m\u00f6glich ist, umzusetzen.<\/p>\n<p><strong>Beispiele f\u00fcr individuelle \u00c4nderungen<br \/>\nan der Karosserie:<\/strong><\/p>\n<ul>\n<li>Abrisskante (AMG, Carbon)<\/li>\n<li>Diffusor (Kunststoff, Carbon)<\/li>\n<li>Au\u00dfenspiegel in Carbon<\/li>\n<li>Au\u00dfenspiegel Speziallackierung<\/li>\n<\/ul>\n<p><strong>Beispiele f\u00fcr \u00c4nderungen im Innenraum:<\/strong><\/p>\n<ul>\n<li>Holzzierteile in Klavierlack<\/li>\n<li>Holz-Leder-Lenkrad<\/li>\n<li>AMG-Performance-Lenkrad<\/li>\n<li>Pedale in Alu mit Gumminoppen<\/li>\n<li>AMG-Innenausstattungen<\/li>\n<\/ul>\n<p align=\"left\">Wir beraten Sie gerne und freuen uns auf Ihre Vorschl\u00e4ge.<\/p>\n","protected":false},"excerpt":{"rendered":"<p>F\u00fcr Individualisierungen und \u00c4nderungen &#8211; sowohl an der Karosserie, wie auch im Innenraum &#8211; bieten wir Ihnen eine Vielzahl von optischen und technischen Optionen an. Unser Ziel ist es, Ihre individuellen W\u00fcnsche und Vorstellungen, soweit es f\u00fcr uns m\u00f6glich ist, umzusetzen. Beispiele f\u00fcr individuelle \u00c4nderungen an der Karosserie: Abrisskante (AMG, Carbon) Diffusor (Kunststoff, Carbon) Au\u00dfenspiegel [&hellip;]<\/p>\n","protected":false},"author":1,"featured_media":0,"parent":0,"menu_order":0,"comment_status":"closed","ping_status":"closed","template":"","meta":{"_et_pb_use_builder":"","_et_pb_old_content":"","_et_gb_content_width":"","inline_featured_image":false,"footnotes":""},"class_list":["post-205","page","type-page","status-publish","hentry"],"_links":{"self":[{"href":"https:\/\/mercsworld.bigmammut.net\/index.php?rest_route=\/wp\/v2\/pages\/205","targetHints":{"allow":["GET"]}}],"collection":[{"href":"https:\/\/mercsworld.bigmammut.net\/index.php?rest_route=\/wp\/v2\/pages"}],"about":[{"href":"https:\/\/mercsworld.bigmammut.net\/index.php?rest_route=\/wp\/v2\/types\/page"}],"author":[{"embeddable":true,"href":"https:\/\/mercsworld.bigmammut.net\/index.php?rest_route=\/wp\/v2\/users\/1"}],"replies":[{"embeddable":true,"href":"https:\/\/mercsworld.bigmammut.net\/index.php?rest_route=%2Fwp%2Fv2%2Fcomments&post=205"}],"version-history":[{"count":1,"href":"https:\/\/mercsworld.bigmammut.net\/index.php?rest_route=\/wp\/v2\/pages\/205\/revisions"}],"predecessor-version":[{"id":206,"href":"https:\/\/mercsworld.bigmammut.net\/index.php?rest_route=\/wp\/v2\/pages\/205\/revisions\/206"}],"wp:attachment":[{"href":"https:\/\/mercsworld.bigmammut.net\/index.php?rest_route=%2Fwp%2Fv2%2Fmedia&parent=205"}],"curies":[{"name":"wp","href":"https:\/\/api.w.org\/{rel}","templated":true}]}}