{"id":207,"date":"2020-10-12T14:11:34","date_gmt":"2020-10-12T14:11:34","guid":{"rendered":"http:\/\/mercsworld.bigmammut.net\/?page_id=207"},"modified":"2020-10-12T14:11:34","modified_gmt":"2020-10-12T14:11:34","slug":"facelift","status":"publish","type":"page","link":"https:\/\/mercsworld.bigmammut.net\/?page_id=207","title":{"rendered":"Facelift"},"content":{"rendered":"<p>Bei einer durchschnittlich siebenj\u00e4hrigen Produktionszeit eines Mercedes-Benz Modells, kommt nach ca. vier Jahren eine optische und teilweise technische \u00dcberarbeitung. Diese wird auch Facelift genannt.<\/p>\n<p>Und welcher Mercedes-Benz Fahrer kennt das nicht?<br \/>\nPl\u00f6tzlich sieht das sch\u00f6ne St\u00fcck etwas angestaubt aus.<\/p>\n<p>Wir bieten f\u00fcr fast alle Mercedes-Benz Fahrzeuge einen Modellpflege-\/Facelift-Umbau an.<\/p>\n<p>Dazu geh\u00f6ren u.a. Au\u00dfenspiegel, Scheinwerfer, R\u00fcckleuchten, Tagfahrlicht, Sto\u00dfstangen,\u00a0K\u00fchlergrille, Audio-,\u00a0Navigations- und Comand-Systeme.<\/p>\n","protected":false},"excerpt":{"rendered":"<p>Bei einer durchschnittlich siebenj\u00e4hrigen Produktionszeit eines Mercedes-Benz Modells, kommt nach ca. vier Jahren eine optische und teilweise technische \u00dcberarbeitung. Diese wird auch Facelift genannt. Und welcher Mercedes-Benz Fahrer kennt das nicht? Pl\u00f6tzlich sieht das sch\u00f6ne St\u00fcck etwas angestaubt aus. Wir bieten f\u00fcr fast alle Mercedes-Benz Fahrzeuge einen Modellpflege-\/Facelift-Umbau an. Dazu geh\u00f6ren u.a. Au\u00dfenspiegel, Scheinwerfer, R\u00fcckleuchten, [&hellip;]<\/p>\n","protected":false},"author":1,"featured_media":0,"parent":0,"menu_order":0,"comment_status":"closed","ping_status":"closed","template":"","meta":{"_et_pb_use_builder":"","_et_pb_old_content":"","_et_gb_content_width":"","inline_featured_image":false,"footnotes":""},"class_list":["post-207","page","type-page","status-publish","hentry"],"_links":{"self":[{"href":"https:\/\/mercsworld.bigmammut.net\/index.php?rest_route=\/wp\/v2\/pages\/207","targetHints":{"allow":["GET"]}}],"collection":[{"href":"https:\/\/mercsworld.bigmammut.net\/index.php?rest_route=\/wp\/v2\/pages"}],"about":[{"href":"https:\/\/mercsworld.bigmammut.net\/index.php?rest_route=\/wp\/v2\/types\/page"}],"author":[{"embeddable":true,"href":"https:\/\/mercsworld.bigmammut.net\/index.php?rest_route=\/wp\/v2\/users\/1"}],"replies":[{"embeddable":true,"href":"https:\/\/mercsworld.bigmammut.net\/index.php?rest_route=%2Fwp%2Fv2%2Fcomments&post=207"}],"version-history":[{"count":1,"href":"https:\/\/mercsworld.bigmammut.net\/index.php?rest_route=\/wp\/v2\/pages\/207\/revisions"}],"predecessor-version":[{"id":208,"href":"https:\/\/mercsworld.bigmammut.net\/index.php?rest_route=\/wp\/v2\/pages\/207\/revisions\/208"}],"wp:attachment":[{"href":"https:\/\/mercsworld.bigmammut.net\/index.php?rest_route=%2Fwp%2Fv2%2Fmedia&parent=207"}],"curies":[{"name":"wp","href":"https:\/\/api.w.org\/{rel}","templated":true}]}}